{"id":28707,"date":"2019-02-01T20:03:55","date_gmt":"2019-02-01T19:03:55","guid":{"rendered":"http:\/\/lamielleriedusoubestre.fr\/?page_id=28707"},"modified":"2024-04-02T22:06:24","modified_gmt":"2024-04-02T20:06:24","slug":"index","status":"publish","type":"page","link":"https:\/\/lamielleriedusoubestre.fr\/","title":{"rendered":"Accueil"},"content":{"rendered":"<p>[et_pb_section fb_built=\u00a0\u00bb1&Prime; _builder_version=\u00a0\u00bb3.22&Prime; custom_padding=\u00a0\u00bb0|0px|0|0px|false|false\u00a0\u00bb][\/et_pb_section][et_pb_section fb_built=\u00a0\u00bb1&Prime; _builder_version=\u00a0\u00bb3.22&Prime; custom_padding=\u00a0\u00bb0|0px|0|0px|false|false\u00a0\u00bb][et_pb_row _builder_version=\u00a0\u00bb3.25&Prime;][et_pb_column type=\u00a0\u00bb4_4&Prime; _builder_version=\u00a0\u00bb3.25&Prime; custom_padding=\u00a0\u00bb|||\u00a0\u00bb custom_padding__hover=\u00a0\u00bb|||\u00a0\u00bb][et_pb_image src=\u00a0\u00bbhttp:\/\/lamielleriedusoubestre.fr\/wp-content\/uploads\/2021\/02\/001-MIELLERIE-DU-SOUBESTRE-LOGO-FACTURES.jpg\u00a0\u00bb align_tablet=\u00a0\u00bbcenter\u00a0\u00bb align_last_edited=\u00a0\u00bbon|desktop\u00a0\u00bb _builder_version=\u00a0\u00bb3.23&Prime;][\/et_pb_image][\/et_pb_column][\/et_pb_row][\/et_pb_section][et_pb_section fb_built=\u00a0\u00bb1&Prime; admin_label=\u00a0\u00bbMarket Information Section\u00a0\u00bb _builder_version=\u00a0\u00bb3.22&Prime; background_size=\u00a0\u00bbcontain\u00a0\u00bb background_position=\u00a0\u00bbtop_center\u00a0\u00bb custom_padding=\u00a0\u00bb0||0||false|false\u00a0\u00bb][et_pb_row _builder_version=\u00a0\u00bb3.25&Prime;][et_pb_column type=\u00a0\u00bb4_4&Prime; _builder_version=\u00a0\u00bb3.25&Prime; custom_padding=\u00a0\u00bb|||\u00a0\u00bb custom_padding__hover=\u00a0\u00bb|||\u00a0\u00bb][et_pb_text _builder_version=\u00a0\u00bb3.27.4&Prime;]<\/p>\n<p>La Miellerie du Soubestre, ce sont trois apiculteurs passionn\u00e9s, L\u00e9a, Antoine et Sylvain, qui ont d\u00e9cid\u00e9 de mettre en commun leur enthousiasme et leur exp\u00e9rience\u00a0!<\/p>\n<p>Ensemble, nous veillons sur nos abeilles, et les transhumons au fil des floraisons en diff\u00e9rents lieux des Landes, des Pyr\u00e9n\u00e9es et du B\u00e9arn afin qu&rsquo;elles r\u00e9coltent les meilleurs nectars et pollens. Gr\u00e2ce aux travail de nos petites butineuses, nous pouvons ainsi vous proposer diff\u00e9rents miels aux go\u00fbts vari\u00e9s et savoureux !<\/p>\n<p>[\/et_pb_text][\/et_pb_column][\/et_pb_row][et_pb_row make_equal=\u00a0\u00bbon\u00a0\u00bb _builder_version=\u00a0\u00bb3.25&Prime; custom_padding=\u00a0\u00bb27px|0px|27px|0px|false|false\u00a0\u00bb column_structure=\u00a0\u00bb1_3,1_3,1_3&Prime;][et_pb_column type=\u00a0\u00bb1_3&Prime; _builder_version=\u00a0\u00bb3.25&Prime; custom_padding=\u00a0\u00bb|||\u00a0\u00bb custom_padding__hover=\u00a0\u00bb|||\u00a0\u00bb][et_pb_image align_tablet=\u00a0\u00bbcenter\u00a0\u00bb align_last_edited=\u00a0\u00bbon|desktop\u00a0\u00bb _builder_version=\u00a0\u00bb3.23&Prime; background_image=\u00a0\u00bbhttp:\/\/lamielleriedusoubestre.fr\/wp-content\/uploads\/2019\/02\/2017-10-17-15.00.30.jpg\u00a0\u00bb custom_css_main_element=\u00a0\u00bbheight: 240px;\u00a0\u00bb][\/et_pb_image][\/et_pb_column][et_pb_column type=\u00a0\u00bb1_3&Prime; _builder_version=\u00a0\u00bb3.25&Prime; custom_padding=\u00a0\u00bb|||\u00a0\u00bb custom_padding__hover=\u00a0\u00bb|||\u00a0\u00bb][\/et_pb_column][et_pb_column type=\u00a0\u00bb1_3&Prime; _builder_version=\u00a0\u00bb3.25&Prime; custom_padding=\u00a0\u00bb|||\u00a0\u00bb custom_padding__hover=\u00a0\u00bb|||\u00a0\u00bb][et_pb_image align_tablet=\u00a0\u00bbcenter\u00a0\u00bb align_last_edited=\u00a0\u00bbon|desktop\u00a0\u00bb _builder_version=\u00a0\u00bb3.23&Prime; background_image=\u00a0\u00bbhttp:\/\/lamielleriedusoubestre.fr\/wp-content\/uploads\/2019\/02\/csm_Pic_du_Midi_d_Ossau_a0f439de4b.jpg\u00a0\u00bb custom_css_main_element=\u00a0\u00bbheight: 240px;\u00a0\u00bb][\/et_pb_image][\/et_pb_column][\/et_pb_row][\/et_pb_section][et_pb_section fb_built=\u00a0\u00bb1&Prime; fullwidth=\u00a0\u00bbon\u00a0\u00bb _builder_version=\u00a0\u00bb3.22&Prime;][et_pb_fullwidth_image src=\u00a0\u00bbhttp:\/\/lamielleriedusoubestre.fr\/wp-content\/uploads\/2021\/02\/bandeau-copie.png\u00a0\u00bb _builder_version=\u00a0\u00bb3.19.7&Prime;][\/et_pb_fullwidth_image][\/et_pb_section]<\/p>\n","protected":false},"excerpt":{"rendered":"<p>[et_pb_section fb_built=\u00a0\u00bb1&Prime; _builder_version=\u00a0\u00bb3.22&Prime; custom_padding=\u00a0\u00bb0|0px|0|0px|false|false\u00a0\u00bb][\/et_pb_section][et_pb_section fb_built=\u00a0\u00bb1&Prime; _builder_version=\u00a0\u00bb3.22&Prime; custom_padding=\u00a0\u00bb0|0px|0|0px|false|false\u00a0\u00bb][et_pb_row _builder_version=\u00a0\u00bb3.25&Prime;][et_pb_column type=\u00a0\u00bb4_4&Prime; _builder_version=\u00a0\u00bb3.25&Prime; custom_padding=\u00a0\u00bb|||\u00a0\u00bb custom_padding__hover=\u00a0\u00bb|||\u00a0\u00bb][et_pb_image src=\u00a0\u00bbhttp:\/\/lamielleriedusoubestre.fr\/wp-content\/uploads\/2021\/02\/001-MIELLERIE-DU-SOUBESTRE-LOGO-FACTURES.jpg\u00a0\u00bb align_tablet=\u00a0\u00bbcenter\u00a0\u00bb align_last_edited=\u00a0\u00bbon|desktop\u00a0\u00bb _builder_version=\u00a0\u00bb3.23&Prime;][\/et_pb_image][\/et_pb_column][\/et_pb_row][\/et_pb_section][et_pb_section fb_built=\u00a0\u00bb1&Prime; admin_label=\u00a0\u00bbMarket Information Section\u00a0\u00bb _builder_version=\u00a0\u00bb3.22&Prime; background_size=\u00a0\u00bbcontain\u00a0\u00bb background_position=\u00a0\u00bbtop_center\u00a0\u00bb custom_padding=\u00a0\u00bb0||0||false|false\u00a0\u00bb][et_pb_row _builder_version=\u00a0\u00bb3.25&Prime;][et_pb_column type=\u00a0\u00bb4_4&Prime; _builder_version=\u00a0\u00bb3.25&Prime; custom_padding=\u00a0\u00bb|||\u00a0\u00bb custom_padding__hover=\u00a0\u00bb|||\u00a0\u00bb][et_pb_text _builder_version=\u00a0\u00bb3.27.4&Prime;] La Miellerie du Soubestre, ce sont trois apiculteurs passionn\u00e9s, L\u00e9a, Antoine et Sylvain, qui ont d\u00e9cid\u00e9 de mettre en commun leur enthousiasme et leur exp\u00e9rience\u00a0! [&hellip;]<\/p>\n","protected":false},"author":1,"featured_media":0,"parent":0,"menu_order":0,"comment_status":"closed","ping_status":"closed","template":"","meta":{"_et_pb_use_builder":"on","_et_pb_old_content":"<!-- wp:paragraph -->\n<p>Site en construction\u2026<\/p>\n<!-- \/wp:paragraph -->","_et_gb_content_width":"","footnotes":""},"_links":{"self":[{"href":"https:\/\/lamielleriedusoubestre.fr\/index.php?rest_route=\/wp\/v2\/pages\/28707"}],"collection":[{"href":"https:\/\/lamielleriedusoubestre.fr\/index.php?rest_route=\/wp\/v2\/pages"}],"about":[{"href":"https:\/\/lamielleriedusoubestre.fr\/index.php?rest_route=\/wp\/v2\/types\/page"}],"author":[{"embeddable":true,"href":"https:\/\/lamielleriedusoubestre.fr\/index.php?rest_route=\/wp\/v2\/users\/1"}],"replies":[{"embeddable":true,"href":"https:\/\/lamielleriedusoubestre.fr\/index.php?rest_route=%2Fwp%2Fv2%2Fcomments&post=28707"}],"version-history":[{"count":69,"href":"https:\/\/lamielleriedusoubestre.fr\/index.php?rest_route=\/wp\/v2\/pages\/28707\/revisions"}],"predecessor-version":[{"id":204498,"href":"https:\/\/lamielleriedusoubestre.fr\/index.php?rest_route=\/wp\/v2\/pages\/28707\/revisions\/204498"}],"wp:attachment":[{"href":"https:\/\/lamielleriedusoubestre.fr\/index.php?rest_route=%2Fwp%2Fv2%2Fmedia&parent=28707"}],"curies":[{"name":"wp","href":"https:\/\/api.w.org\/{rel}","templated":true}]}}